{"id":47043,"date":"2023-07-04T10:55:29","date_gmt":"2023-07-04T10:55:29","guid":{"rendered":"https:\/\/www.caprari.com\/?page_id=47043"},"modified":"2023-07-11T12:31:13","modified_gmt":"2023-07-11T12:31:13","slug":"whistleblowing","status":"publish","type":"page","link":"https:\/\/www.caprari.com\/it\/whistleblowing\/","title":{"rendered":"Whistleblowing"},"content":{"rendered":"[vc_row type=&#8221;full_width_background&#8221; full_screen_row_position=&#8221;middle&#8221; column_margin=&#8221;default&#8221; column_direction=&#8221;default&#8221; column_direction_tablet=&#8221;default&#8221; column_direction_phone=&#8221;default&#8221; scene_position=&#8221;center&#8221; top_padding=&#8221;100&#8243; bottom_padding=&#8221;5%&#8221; text_color=&#8221;dark&#8221; text_align=&#8221;left&#8221; row_border_radius=&#8221;none&#8221; row_border_radius_applies=&#8221;bg&#8221; overflow=&#8221;visible&#8221; overlay_strength=&#8221;0.3&#8243; gradient_direction=&#8221;left_to_right&#8221; shape_divider_position=&#8221;bottom&#8221; bg_image_animation=&#8221;none&#8221;][vc_column column_padding=&#8221;no-extra-padding&#8221; column_padding_tablet=&#8221;inherit&#8221; column_padding_phone=&#8221;inherit&#8221; column_padding_position=&#8221;all&#8221; column_element_spacing=&#8221;default&#8221; background_color_opacity=&#8221;1&#8243; background_hover_color_opacity=&#8221;1&#8243; column_shadow=&#8221;none&#8221; column_border_radius=&#8221;none&#8221; column_link_target=&#8221;_self&#8221; column_position=&#8221;default&#8221; gradient_direction=&#8221;left_to_right&#8221; overlay_strength=&#8221;0.3&#8243; width=&#8221;1\/1&#8243; tablet_width_inherit=&#8221;default&#8221; tablet_text_alignment=&#8221;default&#8221; phone_text_alignment=&#8221;default&#8221; animation_type=&#8221;default&#8221; bg_image_animation=&#8221;none&#8221; border_type=&#8221;simple&#8221; column_border_width=&#8221;none&#8221; column_border_style=&#8221;solid&#8221;][vc_row_inner column_margin=&#8221;default&#8221; column_direction=&#8221;default&#8221; column_direction_tablet=&#8221;default&#8221; column_direction_phone=&#8221;default&#8221; text_align=&#8221;left&#8221; row_position=&#8221;default&#8221; row_position_tablet=&#8221;inherit&#8221; row_position_phone=&#8221;inherit&#8221; overflow=&#8221;visible&#8221; pointer_events=&#8221;all&#8221;][vc_column_inner column_padding=&#8221;no-extra-padding&#8221; column_padding_tablet=&#8221;inherit&#8221; column_padding_phone=&#8221;inherit&#8221; column_padding_position=&#8221;all&#8221; column_element_spacing=&#8221;default&#8221; background_color_opacity=&#8221;1&#8243; background_hover_color_opacity=&#8221;1&#8243; column_shadow=&#8221;none&#8221; column_border_radius=&#8221;none&#8221; column_link_target=&#8221;_self&#8221; gradient_direction=&#8221;left_to_right&#8221; overlay_strength=&#8221;0.3&#8243; width=&#8221;1\/4&#8243; tablet_width_inherit=&#8221;default&#8221; animation_type=&#8221;default&#8221; bg_image_animation=&#8221;none&#8221; border_type=&#8221;simple&#8221; column_border_width=&#8221;none&#8221; column_border_style=&#8221;solid&#8221;][split_line_heading animation_type=&#8221;line-reveal-by-space&#8221; font_style=&#8221;h2&#8243; line_reveal_by_space_text_effect=&#8221;default&#8221; stagger_animation=&#8221;true&#8221; content_alignment=&#8221;default&#8221; mobile_content_alignment=&#8221;inherit&#8221; link_target=&#8221;_self&#8221; text_content=&#8221;Whistleblowing&#8221; font_size=&#8221;3vw&#8221;][\/split_line_heading][\/vc_column_inner][vc_column_inner column_padding=&#8221;no-extra-padding&#8221; column_padding_tablet=&#8221;inherit&#8221; column_padding_phone=&#8221;inherit&#8221; column_padding_position=&#8221;all&#8221; column_element_spacing=&#8221;default&#8221; background_color_opacity=&#8221;1&#8243; background_hover_color_opacity=&#8221;1&#8243; column_shadow=&#8221;none&#8221; column_border_radius=&#8221;none&#8221; column_link_target=&#8221;_self&#8221; gradient_direction=&#8221;left_to_right&#8221; overlay_strength=&#8221;0.3&#8243; width=&#8221;3\/4&#8243; tablet_width_inherit=&#8221;default&#8221; animation_type=&#8221;default&#8221; bg_image_animation=&#8221;none&#8221; border_type=&#8221;simple&#8221; column_border_width=&#8221;none&#8221; column_border_style=&#8221;solid&#8221;][vc_column_text]\n<div class=\"box_consenso_privacy\">\n<div class=\"center\">\n<p><strong>D. Lgs. 24\/2023: segnalazione di violazioni normative in azienda (c.d. Whistleblowing)<\/strong><\/p>\n<p>Caprari S.p.A., in ottemperanza a quanto previsto dal D. Lgs. 24\/2023, ha provveduto ad istituire appositi canali riservati (si veda sotto), utilizzabili per segnalare <strong>violazioni di normative nazionali o dell\u2019Unione Europea<\/strong>, che si dovessero verificare all\u2019interno dell\u2019azienda.<\/p>\n<p>Si precisa fin d\u2019ora che i canali riservati enunciati di seguito, <strong>non devono essere utilizzati per inoltrare contestazioni, rivendicazioni, richieste di carattere personale o per segnalare diatribe fra colleghi, temi organizzativi e situazioni similari.\u00a0\u00a0 <\/strong><\/p>\n<p>La scrivente Societ\u00e0 garantisce la riservatezza dell\u2019identit\u00e0 del segnalante e del segnalato nei modi previsti dalla normativa vigente. La segnalazione pu\u00f2 comunque essere anche anonima.<\/p>\n<p>Si precisa, inoltre, che \u00e8 vietato e sanzionabile l\u2019invio di segnalazioni effettuate con dolo o colpa grave ovvero ritenibili palesemente infondate.<\/p>\n<p>Si specifica che, nei casi di invio di segnalazioni vietate (a titolo esemplificativo: (i) il ricorso a espressioni ingiuriose; (ii)\u00a0 l\u2019invio di segnalazioni con finalit\u00e0 puramente diffamatorie o calunniose; (iii) l\u2019invio di segnalazioni che attengono esclusivamente ad aspetti della vita privata, senza alcun collegamento diretto o indiretto con l\u2019attivit\u00e0 lavorativa e\/o professionale del soggetto segnalato; (iv) l\u2019invio di segnalazioni di natura discriminatoria, in quanto riferite a orientamenti sessuali, religiosi, politici o all\u2019origine razziale o etnica del soggetto segnalato; (v) l\u2019invio di segnalazioni effettuate con l\u2019unico scopo di danneggiare il soggetto segnalato) la riservatezza dell\u2019identit\u00e0 del segnalante, nonch\u00e9 le altre misure di tutela del segnalante previste dalla legge, potrebbero non essere garantite, poich\u00e9 tali segnalazioni potrebbero dar luogo a responsabilit\u00e0 civile e\/o penale a carico del segnalante.<\/p>\n<p>Tutte le segnalazioni, anche quelle anonime, sono attentamente esaminate e gestite da incaricati appositamente autorizzati. Ove possibile, viene fornito idoneo riscontro al segnalante nei termini di legge.<\/p>\n<p>I dati personali sono trattati nel rispetto del Regolamento Europeo 2016\/679 e del D. Lgs. 196\/2003, per quanto ancora applicabile. In proposito, si prega di prendere attenta visione della sottostante informativa.<\/p>\n<p>Le segnalazioni possono essere effettuate\/inoltrate mediante i seguenti canali riservati, alternativi fra loro:<\/p>\n<p><strong>&#8211; chiamando il numero verde: 800.033.720 &#8211; attivo dal luned\u00ec al venerd\u00ec &#8211; ore 9,30\/12,30 <\/strong><\/p>\n<p><strong>&#8211; compilando il form sul portale di gestione delle segnalazioni, raggiungibile dal seguente link: <\/strong><a href=\"http:\/\/www.whistleblowingfacile.it\" target=\"_blank\" rel=\"noopener\"><strong>www.whistleblowingfacile.it<\/strong><\/a><strong> \u00a0\u00a0\u00a0<\/strong><\/p>\n<p><strong>&#8211; fissando un appuntamento con un professionista appositamente incaricato, presso gli uffici della Societ\u00e0 Winger S.r.l., siti in Reggio Emilia, via Piccard 16\/G<\/strong><\/p>\n<\/div>\n<\/div>\n[\/vc_column_text][vc_column_text]\n<div class=\"box_consenso_privacy\">\n<p><strong>Informativa al segnalante rilasciata ai sensi dell\u2019art. 13 Regolamento Europeo 2016\/679<\/strong><\/p>\n<p>Premesso che a seguito della segnalazione da Lei effettuata ai sensi di quanto previsto dal D. Lgs. 24\/2023, la nostra societ\u00e0 si potr\u00e0 trovare a raccogliere e trattare suoi dati personali; le specifichiamo sin d\u2019ora per chiarezza, le seguenti definizioni date dal Regolamento Europeo 2016\/679:<\/p>\n<p><strong>Dato personale:<\/strong>\u00a0qualsiasi informazione riguardante una persona fisica identificata o identificabile (\u00abinteressato\u00bb); si considera identificabile la persona fisica che pu\u00f2 essere identificata, direttamente o indirettamente, con particolare riferimento a un identificativo come il nome, un numero di identificazione, dati relativi all\u2019ubicazione, un identificativo online o a uno o pi\u00f9 elementi caratteristici della sua identit\u00e0 fisica, fisiologica, genetica, psichica, economica, culturale o sociale; <strong>Trattamento:<\/strong>\u00a0qualsiasi operazione o insieme di operazioni, compiute con o senza l\u2019ausilio di processi automatizzati e applicate a dati personali o insiemi di dati personali, come la raccolta, la registrazione, l\u2019organizzazione, la strutturazione, la conservazione, l\u2019adattamento o la modifica, l\u2019estrazione, la consultazione, l\u2019uso, la comunicazione mediante trasmissione, diffusione o qualsiasi altra forma di messa a disposizione, il raffronto o l\u2019interconnessione, la limitazione, la cancellazione o la distruzione. Tutto ci\u00f2 premesso, ai sensi dell\u2019articolo 13 del Regolamento Europeo 2016\/679,<\/p>\n<p>la informiamo che la raccolta ed il trattamento dei dati personali saranno effettuati dalla societ\u00e0 scrivente in conformit\u00e0 a quanto segue:<\/p>\n<ol>\n<li><strong>finalit\u00e0:<\/strong>i dati saranno trattati esclusivamente per gestire la segnalazione in base a quanto previsto dal D. Lgs. 24\/2023, per soddisfare sue eventuali richieste, per il corretto svolgimento degli adempimenti burocratici, legali, tecnici e per le ulteriori attivit\u00e0 obbligatorie per legge;<\/li>\n<li><strong>modalit\u00e0:<\/strong>i dati saranno trattati sia con strumenti\/supporti cartacei che elettronici\/informatici\/telematici, nel pieno rispetto delle norme di legge, secondo principi di liceit\u00e0 e correttezza ed in modo da tutelare la sua riservatezza;<\/li>\n<li><strong>conferimento facoltativo:<\/strong>il conferimento dei dati \u00e8 facoltativo e non obbligatorio;<\/li>\n<li><strong>conseguenze di un eventuale rifiuto:<\/strong>il rifiuto a fornire taluni dati per le finalit\u00e0 di cui sopra, potr\u00e0 comportare l\u2019impossibilit\u00e0 di gestire al meglio la segnalazione, di darle idoneo riscontro o di soddisfare eventuali sue richieste;<\/li>\n<li><strong>soggetti o categorie di soggetti (destinatari) ai quali i dati potranno essere comunicati o diffusi:<\/strong>i dati derivanti dalla segnalazione perverranno alla societ\u00e0 Winger S.r.l. con sede in Reggio Emilia, Via Piccard 16\/G, la quale opera in qualit\u00e0 di Responsabile esterno ai sensi dell\u2019art. 28 del Regolamento Europeo 2016\/679 e saranno comunicati agli incaricati aziendali appositamente autorizzati dalla nostra societ\u00e0. \u00a0I dati potranno poi essere eventualmente comunicati a soggetti terzi solo per assolvere ad obblighi di legge ed in base alle procedure previste dal D. Lgs. 24\/2023. I dati non saranno in nessun caso diffusi;<\/li>\n<li><strong>persone autorizzate al trattamento:<\/strong>i dati saranno trattati solo ed esclusivamente da un ristrettissimo numero di addetti appositamente autorizzati;<\/li>\n<li><strong>processi decisionali automatizzati (es. profilazione):\u00a0<\/strong>non sono in alcun modo gestiti processi decisionali automatizzati;<\/li>\n<li><strong>diritti dell\u2019interessato:<\/strong>lei gode di tutti i diritti sanciti dal Regolamento Europeo 2016\/679, quali il diritto di chiedere l\u2019accesso ai dati personali e la loro rettifica, la cancellazione degli stessi, la limitazione del trattamento, il diritto di opporsi al loro trattamento, oltre al diritto alla portabilit\u00e0 dei dati. Ha inoltre il diritto di proporre reclamo all\u2019Autorit\u00e0 di controllo;<\/li>\n<li><strong>trasferimenti presso paesi terzi:\u00a0<\/strong>i dati non sono trasferiti presso paesi terzi;<\/li>\n<li><strong>periodo di conservazione dei dati:\u00a0<\/strong>i dati verranno conservati per il periodo strettamente necessario per gestire le segnalazioni e comunque nel rispetto di quanto previsto dal D. Lgs. 24\/2023 e dalle normative vigenti;<\/li>\n<li><strong>titolare del trattamento:<\/strong>titolare del trattamento \u00e8 la scrivente societ\u00e0 Caprari S.p.A., con sede legale in Modena (MO), Via Emilia Ovest n. 900, nella persona del legale rappresentante pro tempore.<\/li>\n<\/ol>\n<p>La presente informativa potr\u00e0 essere integrata, oralmente o per iscritto, con ulteriori elementi ed indicazioni, per soddisfare al meglio qualunque sua esigenza conoscitiva in materia \u201cPrivacy\u201d e per assecondare l\u2019evoluzione normativa.<\/p>\n<p>&nbsp;<\/p>\n<p>14\/07\/2023\u00a0\u00a0\u00a0\u00a0\u00a0\u00a0\u00a0\u00a0\u00a0\u00a0\u00a0\u00a0\u00a0\u00a0\u00a0\u00a0\u00a0\u00a0\u00a0\u00a0\u00a0\u00a0\u00a0\u00a0\u00a0\u00a0\u00a0\u00a0\u00a0\u00a0\u00a0\u00a0\u00a0\u00a0\u00a0\u00a0\u00a0\u00a0\u00a0\u00a0\u00a0\u00a0\u00a0\u00a0\u00a0\u00a0\u00a0\u00a0\u00a0\u00a0\u00a0\u00a0\u00a0\u00a0\u00a0\u00a0\u00a0\u00a0\u00a0\u00a0\u00a0\u00a0\u00a0\u00a0\u00a0\u00a0\u00a0\u00a0\u00a0\u00a0\u00a0\u00a0\u00a0\u00a0\u00a0\u00a0\u00a0\u00a0\u00a0\u00a0\u00a0\u00a0\u00a0\u00a0\u00a0\u00a0\u00a0\u00a0\u00a0\u00a0\u00a0\u00a0\u00a0\u00a0\u00a0\u00a0\u00a0\u00a0\u00a0\u00a0\u00a0\u00a0\u00a0\u00a0\u00a0\u00a0\u00a0\u00a0\u00a0\u00a0\u00a0\u00a0\u00a0\u00a0\u00a0\u00a0\u00a0\u00a0\u00a0\u00a0\u00a0\u00a0\u00a0\u00a0\u00a0\u00a0\u00a0\u00a0\u00a0\u00a0\u00a0\u00a0\u00a0\u00a0\u00a0\u00a0\u00a0\u00a0\u00a0\u00a0\u00a0 \u00a0\u00a0\u00a0\u00a0\u00a0\u00a0\u00a0\u00a0\u00a0\u00a0\u00a0\u00a0\u00a0\u00a0\u00a0\u00a0\u00a0\u00a0\u00a0\u00a0\u00a0\u00a0\u00a0\u00a0\u00a0\u00a0\u00a0\u00a0\u00a0\u00a0\u00a0\u00a0\u00a0\u00a0\u00a0\u00a0\u00a0\u00a0\u00a0\u00a0\u00a0\u00a0\u00a0\u00a0\u00a0\u00a0\u00a0\u00a0\u00a0\u00a0\u00a0\u00a0 Caprari S.p.A<\/p>\n<\/div>\n[\/vc_column_text][\/vc_column_inner][\/vc_row_inner][\/vc_column][\/vc_row]\n","protected":false},"excerpt":{"rendered":"<p>[vc_row type=&#8221;full_width_background&#8221; full_screen_row_position=&#8221;middle&#8221; column_margin=&#8221;default&#8221; column_direction=&#8221;default&#8221; column_direction_tablet=&#8221;default&#8221; column_direction_phone=&#8221;default&#8221; scene_position=&#8221;center&#8221; top_padding=&#8221;100&#8243; bottom_padding=&#8221;5%&#8221; text_color=&#8221;dark&#8221; text_align=&#8221;left&#8221; row_border_radius=&#8221;none&#8221; row_border_radius_applies=&#8221;bg&#8221; overflow=&#8221;visible&#8221; overlay_strength=&#8221;0.3&#8243; gradient_direction=&#8221;left_to_right&#8221; shape_divider_position=&#8221;bottom&#8221; bg_image_animation=&#8221;none&#8221;][vc_column column_padding=&#8221;no-extra-padding&#8221; column_padding_tablet=&#8221;inherit&#8221; column_padding_phone=&#8221;inherit&#8221; column_padding_position=&#8221;all&#8221; column_element_spacing=&#8221;default&#8221; background_color_opacity=&#8221;1&#8243; background_hover_color_opacity=&#8221;1&#8243; column_shadow=&#8221;none&#8221; column_border_radius=&#8221;none&#8221; column_link_target=&#8221;_self&#8221; column_position=&#8221;default&#8221;&#8230;<\/p>\n","protected":false},"author":4,"featured_media":0,"parent":0,"menu_order":0,"comment_status":"closed","ping_status":"closed","template":"","meta":{"footnotes":""},"class_list":["post-47043","page","type-page","status-publish"],"yoast_head":"<!-- This site is optimized with the Yoast SEO plugin v27.3 - https:\/\/yoast.com\/product\/yoast-seo-wordpress\/ -->\n<title>Whistleblowing - Caprari<\/title>\n<meta name=\"robots\" content=\"index, follow, max-snippet:-1, max-image-preview:large, max-video-preview:-1\" \/>\n<link rel=\"canonical\" href=\"https:\/\/www.caprari.com\/it\/whistleblowing\/\" \/>\n<meta property=\"og:locale\" content=\"it_IT\" \/>\n<meta property=\"og:type\" content=\"article\" \/>\n<meta property=\"og:title\" content=\"Whistleblowing - Caprari\" \/>\n<meta property=\"og:description\" content=\"[vc_row type=&#8221;full_width_background&#8221; full_screen_row_position=&#8221;middle&#8221; column_margin=&#8221;default&#8221; column_direction=&#8221;default&#8221; column_direction_tablet=&#8221;default&#8221; column_direction_phone=&#8221;default&#8221; scene_position=&#8221;center&#8221; top_padding=&#8221;100&#8243; bottom_padding=&#8221;5%&#8221; text_color=&#8221;dark&#8221; text_align=&#8221;left&#8221; row_border_radius=&#8221;none&#8221; row_border_radius_applies=&#8221;bg&#8221; overflow=&#8221;visible&#8221; overlay_strength=&#8221;0.3&#8243; gradient_direction=&#8221;left_to_right&#8221; shape_divider_position=&#8221;bottom&#8221; bg_image_animation=&#8221;none&#8221;][vc_column column_padding=&#8221;no-extra-padding&#8221; column_padding_tablet=&#8221;inherit&#8221; column_padding_phone=&#8221;inherit&#8221; column_padding_position=&#8221;all&#8221; column_element_spacing=&#8221;default&#8221; background_color_opacity=&#8221;1&#8243; background_hover_color_opacity=&#8221;1&#8243; column_shadow=&#8221;none&#8221; column_border_radius=&#8221;none&#8221; column_link_target=&#8221;_self&#8221; column_position=&#8221;default&#8221;...\" \/>\n<meta property=\"og:url\" content=\"https:\/\/www.caprari.com\/it\/whistleblowing\/\" \/>\n<meta property=\"og:site_name\" content=\"Caprari\" \/>\n<meta property=\"article:modified_time\" content=\"2023-07-11T12:31:13+00:00\" \/>\n<meta property=\"og:image\" content=\"https:\/\/www.caprari.com\/wp-content\/uploads\/2022\/06\/logo-caprari-def.png\" \/>\n\t<meta property=\"og:image:width\" content=\"304\" \/>\n\t<meta property=\"og:image:height\" content=\"79\" \/>\n\t<meta property=\"og:image:type\" content=\"image\/png\" \/>\n<meta name=\"twitter:card\" content=\"summary_large_image\" \/>\n<meta name=\"twitter:label1\" content=\"Tempo di lettura stimato\" \/>\n\t<meta name=\"twitter:data1\" content=\"6 minuti\" \/>\n<script type=\"application\/ld+json\" class=\"yoast-schema-graph\">{\"@context\":\"https:\\\/\\\/schema.org\",\"@graph\":[{\"@type\":\"WebPage\",\"@id\":\"https:\\\/\\\/www.caprari.com\\\/it\\\/whistleblowing\\\/\",\"url\":\"https:\\\/\\\/www.caprari.com\\\/it\\\/whistleblowing\\\/\",\"name\":\"Whistleblowing - Caprari\",\"isPartOf\":{\"@id\":\"https:\\\/\\\/www.caprari.com\\\/it\\\/#website\"},\"datePublished\":\"2023-07-04T10:55:29+00:00\",\"dateModified\":\"2023-07-11T12:31:13+00:00\",\"breadcrumb\":{\"@id\":\"https:\\\/\\\/www.caprari.com\\\/it\\\/whistleblowing\\\/#breadcrumb\"},\"inLanguage\":\"it-IT\",\"potentialAction\":[{\"@type\":\"ReadAction\",\"target\":[\"https:\\\/\\\/www.caprari.com\\\/it\\\/whistleblowing\\\/\"]}]},{\"@type\":\"BreadcrumbList\",\"@id\":\"https:\\\/\\\/www.caprari.com\\\/it\\\/whistleblowing\\\/#breadcrumb\",\"itemListElement\":[{\"@type\":\"ListItem\",\"position\":1,\"name\":\"Home\",\"item\":\"https:\\\/\\\/www.caprari.com\\\/it\\\/\"},{\"@type\":\"ListItem\",\"position\":2,\"name\":\"Whistleblowing\"}]},{\"@type\":\"WebSite\",\"@id\":\"https:\\\/\\\/www.caprari.com\\\/it\\\/#website\",\"url\":\"https:\\\/\\\/www.caprari.com\\\/it\\\/\",\"name\":\"Caprari\",\"description\":\"\",\"publisher\":{\"@id\":\"https:\\\/\\\/www.caprari.com\\\/it\\\/#organization\"},\"potentialAction\":[{\"@type\":\"SearchAction\",\"target\":{\"@type\":\"EntryPoint\",\"urlTemplate\":\"https:\\\/\\\/www.caprari.com\\\/it\\\/?s={search_term_string}\"},\"query-input\":{\"@type\":\"PropertyValueSpecification\",\"valueRequired\":true,\"valueName\":\"search_term_string\"}}],\"inLanguage\":\"it-IT\"},{\"@type\":\"Organization\",\"@id\":\"https:\\\/\\\/www.caprari.com\\\/it\\\/#organization\",\"name\":\"Caprari\",\"url\":\"https:\\\/\\\/www.caprari.com\\\/it\\\/\",\"logo\":{\"@type\":\"ImageObject\",\"inLanguage\":\"it-IT\",\"@id\":\"https:\\\/\\\/www.caprari.com\\\/it\\\/#\\\/schema\\\/logo\\\/image\\\/\",\"url\":\"https:\\\/\\\/www.caprari.com\\\/wp-content\\\/uploads\\\/2022\\\/06\\\/logo-caprari-def.png\",\"contentUrl\":\"https:\\\/\\\/www.caprari.com\\\/wp-content\\\/uploads\\\/2022\\\/06\\\/logo-caprari-def.png\",\"width\":304,\"height\":79,\"caption\":\"Caprari\"},\"image\":{\"@id\":\"https:\\\/\\\/www.caprari.com\\\/it\\\/#\\\/schema\\\/logo\\\/image\\\/\"}}]}<\/script>\n<!-- \/ Yoast SEO plugin. -->","yoast_head_json":{"title":"Whistleblowing - Caprari","robots":{"index":"index","follow":"follow","max-snippet":"max-snippet:-1","max-image-preview":"max-image-preview:large","max-video-preview":"max-video-preview:-1"},"canonical":"https:\/\/www.caprari.com\/it\/whistleblowing\/","og_locale":"it_IT","og_type":"article","og_title":"Whistleblowing - Caprari","og_description":"[vc_row type=&#8221;full_width_background&#8221; full_screen_row_position=&#8221;middle&#8221; column_margin=&#8221;default&#8221; column_direction=&#8221;default&#8221; column_direction_tablet=&#8221;default&#8221; column_direction_phone=&#8221;default&#8221; scene_position=&#8221;center&#8221; top_padding=&#8221;100&#8243; bottom_padding=&#8221;5%&#8221; text_color=&#8221;dark&#8221; text_align=&#8221;left&#8221; row_border_radius=&#8221;none&#8221; row_border_radius_applies=&#8221;bg&#8221; overflow=&#8221;visible&#8221; overlay_strength=&#8221;0.3&#8243; gradient_direction=&#8221;left_to_right&#8221; shape_divider_position=&#8221;bottom&#8221; bg_image_animation=&#8221;none&#8221;][vc_column column_padding=&#8221;no-extra-padding&#8221; column_padding_tablet=&#8221;inherit&#8221; column_padding_phone=&#8221;inherit&#8221; column_padding_position=&#8221;all&#8221; column_element_spacing=&#8221;default&#8221; background_color_opacity=&#8221;1&#8243; background_hover_color_opacity=&#8221;1&#8243; column_shadow=&#8221;none&#8221; column_border_radius=&#8221;none&#8221; column_link_target=&#8221;_self&#8221; column_position=&#8221;default&#8221;...","og_url":"https:\/\/www.caprari.com\/it\/whistleblowing\/","og_site_name":"Caprari","article_modified_time":"2023-07-11T12:31:13+00:00","og_image":[{"width":304,"height":79,"url":"https:\/\/www.caprari.com\/wp-content\/uploads\/2022\/06\/logo-caprari-def.png","type":"image\/png"}],"twitter_card":"summary_large_image","twitter_misc":{"Tempo di lettura stimato":"6 minuti"},"schema":{"@context":"https:\/\/schema.org","@graph":[{"@type":"WebPage","@id":"https:\/\/www.caprari.com\/it\/whistleblowing\/","url":"https:\/\/www.caprari.com\/it\/whistleblowing\/","name":"Whistleblowing - Caprari","isPartOf":{"@id":"https:\/\/www.caprari.com\/it\/#website"},"datePublished":"2023-07-04T10:55:29+00:00","dateModified":"2023-07-11T12:31:13+00:00","breadcrumb":{"@id":"https:\/\/www.caprari.com\/it\/whistleblowing\/#breadcrumb"},"inLanguage":"it-IT","potentialAction":[{"@type":"ReadAction","target":["https:\/\/www.caprari.com\/it\/whistleblowing\/"]}]},{"@type":"BreadcrumbList","@id":"https:\/\/www.caprari.com\/it\/whistleblowing\/#breadcrumb","itemListElement":[{"@type":"ListItem","position":1,"name":"Home","item":"https:\/\/www.caprari.com\/it\/"},{"@type":"ListItem","position":2,"name":"Whistleblowing"}]},{"@type":"WebSite","@id":"https:\/\/www.caprari.com\/it\/#website","url":"https:\/\/www.caprari.com\/it\/","name":"Caprari","description":"","publisher":{"@id":"https:\/\/www.caprari.com\/it\/#organization"},"potentialAction":[{"@type":"SearchAction","target":{"@type":"EntryPoint","urlTemplate":"https:\/\/www.caprari.com\/it\/?s={search_term_string}"},"query-input":{"@type":"PropertyValueSpecification","valueRequired":true,"valueName":"search_term_string"}}],"inLanguage":"it-IT"},{"@type":"Organization","@id":"https:\/\/www.caprari.com\/it\/#organization","name":"Caprari","url":"https:\/\/www.caprari.com\/it\/","logo":{"@type":"ImageObject","inLanguage":"it-IT","@id":"https:\/\/www.caprari.com\/it\/#\/schema\/logo\/image\/","url":"https:\/\/www.caprari.com\/wp-content\/uploads\/2022\/06\/logo-caprari-def.png","contentUrl":"https:\/\/www.caprari.com\/wp-content\/uploads\/2022\/06\/logo-caprari-def.png","width":304,"height":79,"caption":"Caprari"},"image":{"@id":"https:\/\/www.caprari.com\/it\/#\/schema\/logo\/image\/"}}]}},"_links":{"self":[{"href":"https:\/\/www.caprari.com\/it\/wp-json\/wp\/v2\/pages\/47043","targetHints":{"allow":["GET"]}}],"collection":[{"href":"https:\/\/www.caprari.com\/it\/wp-json\/wp\/v2\/pages"}],"about":[{"href":"https:\/\/www.caprari.com\/it\/wp-json\/wp\/v2\/types\/page"}],"author":[{"embeddable":true,"href":"https:\/\/www.caprari.com\/it\/wp-json\/wp\/v2\/users\/4"}],"replies":[{"embeddable":true,"href":"https:\/\/www.caprari.com\/it\/wp-json\/wp\/v2\/comments?post=47043"}],"version-history":[{"count":6,"href":"https:\/\/www.caprari.com\/it\/wp-json\/wp\/v2\/pages\/47043\/revisions"}],"predecessor-version":[{"id":47172,"href":"https:\/\/www.caprari.com\/it\/wp-json\/wp\/v2\/pages\/47043\/revisions\/47172"}],"wp:attachment":[{"href":"https:\/\/www.caprari.com\/it\/wp-json\/wp\/v2\/media?parent=47043"}],"curies":[{"name":"wp","href":"https:\/\/api.w.org\/{rel}","templated":true}]}}